{"id":17,"date":"2023-04-26T15:22:14","date_gmt":"2023-04-26T15:22:14","guid":{"rendered":"https:\/\/efrainmancilla.pantera-studio.com\/bscorp\/?page_id=17"},"modified":"2023-05-20T14:52:57","modified_gmt":"2023-05-20T14:52:57","slug":"legal-notice-and-privacy-policy","status":"publish","type":"page","link":"https:\/\/efrainmancilla.pantera-studio.com\/bscorp\/es\/legal-notice-and-privacy-policy\/","title":{"rendered":"Aviso Legal y Pol\u00edtica de Privacidad"},"content":{"rendered":"<div class=\"wp-block-group has-white-color has-dark-blue-background-color has-text-color has-background is-layout-constrained wp-block-group-is-layout-constrained\" style=\"padding-top:20px;padding-bottom:20px\">\n<div class=\"wp-block-group alignwide is-nowrap is-layout-flex wp-container-core-group-is-layout-ad2f72ca wp-block-group-is-layout-flex\">\n<h2 class=\"wp-block-heading has-xx-large-font-size\" style=\"text-transform:uppercase\">Aviso Legal y Pol\u00edtica de Privacidad<\/h2>\n<\/div>\n<\/div>\n\n\n\n<div class=\"wp-block-group is-layout-constrained wp-block-group-is-layout-constrained\">\n<div class=\"wp-block-group alignwide bscorp-justify is-layout-flow wp-block-group-is-layout-flow\">\n<p style=\"margin-top:var(--wp--preset--spacing--60);margin-right:0;margin-bottom:0;margin-left:0;font-size:clamp(14px, 0.875rem + ((1vw - 3.2px) * 0.227), 16px);\">En esta web se respetan y cuidan los datos personales de los usuarios. Como usuario debes saber que tus derechos est\u00e1n garantizados. Me he esforzado en crear un espacio seguro y confiable.<br>Tu privacidad es importante para nosotros.<br>En esta declaraci\u00f3n de privacidad te explico qu\u00e9 datos personales recopilo de nuestros usuarios y c\u00f3mo los utilizamos. Te animo a leer detenidamente estos t\u00e9rminos antes de facilitar tus datos personales en esta web.<br>En esta web se respetan y cuidan los datos personales de los usuarios. Como usuario debes saber que tus derechos est\u00e1n garantizados.<br>Nos hemos esforzado en crear un espacio seguro y confiable y por eso quiero compartir mis principios respecto a tu privacidad:<br>Nunca solicitamos informaci\u00f3n personal a menos que realmente sea necesaria para prestarte los servicios que nos requieras.<br>Nunca compartimos informaci\u00f3n personal de nuestros usuarios con nadie, excepto para cumplir con la ley o en caso que cuente con tu autorizaci\u00f3n expresa.<br>Nunca utilizamos tus datos personales con una finalidad diferente a la expresada en esta pol\u00edtica de privacidad.<br>Es preciso advertir que esta Pol\u00edtica de Privacidad podr\u00eda variar en funci\u00f3n de exigencias legislativas o de autorregulaci\u00f3n, por lo que se aconseja a los usuarios que la visiten peri\u00f3dicamente. Ser\u00e1 aplicable en caso de que los usuarios decidan rellenar alg\u00fan formulario de cualquiera de sus formularios de contacto donde se recaben datos de car\u00e1cter personal.<br>Responsable del tratamiento de tus datos personales<\/p>\n\n\n\n<p style=\"margin-top:var(--wp--preset--spacing--30);margin-right:0;margin-bottom:var(--wp--preset--spacing--30);margin-left:0;font-size:clamp(14px, 0.875rem + ((1vw - 3.2px) * 0.227), 16px);\"><br><strong>Identidad del Responsable:\u00a0Business Services Group Corp<br>Nombre comercial:\u00a0Business Services Group Corp<br>Direcci\u00f3n:\u00a0238 Martinwood PL NE<br>Correo electr\u00f3nico:\u00a0admin@bsecorp.ca<br>Actividad:\u00a0Servicios de contrataci\u00f3n de personal y contratos de obras en construcci\u00f3n.\u00a0\u00a0<br><br>\u00bfC\u00f3mo he obtenido tus datos?<br>Los datos personales que trato en Business Services Group Corp proceden de:<br>Formulario de contacto.<br>Solicitud de presupuestos a trav\u00e9s del directorio.<br>Correo electr\u00f3nico<br>Llamadas telef\u00f3nicas<\/strong><\/p>\n\n\n\n<p style=\"margin-top:0;margin-right:0;margin-bottom:var(--wp--preset--spacing--60);margin-left:0;font-size:clamp(14px, 0.875rem + ((1vw - 3.2px) * 0.227), 16px);\"><strong>\u00bfCon qu\u00e9 finalidad trato tus datos personales?<br><\/strong>Cuando un usuario se conecta con esta web por ejemplo para enviar un mensaje, solicitar presupuesto o contactar, est\u00e1 facilitando informaci\u00f3n de car\u00e1cter personal de la que es responsable Business Services Group Corp. Esa informaci\u00f3n puede incluir datos de car\u00e1cter personal como pueden ser tu direcci\u00f3n IP, nombre o nombre de usuario, direcci\u00f3n de correo electr\u00f3nico, otros datos suministrados en un mensaje o archivos adjuntos. Al facilitar esta informaci\u00f3n, el usuario da su consentimiento para que su informaci\u00f3n sea recopilada, utilizada, gestionada y almacenada por Business Services Group Corp, s\u00f3lo como se describe en la presente Pol\u00edtica de Privacidad.<br>Business Services Group Corp existen diferentes sistemas de captura de informaci\u00f3n personal y trato la informaci\u00f3n que me facilitan las personas interesadas con el siguiente fin por cada sistema de captura (formularios):<br>Formulario de solicitud de presupuesto:\u00a0Solicitamos los siguientes datos personales: Nombre, Email, para responder a los requerimientos de los usuarios y un tel\u00e9fono.<br>Para garantizar el cumplimiento de las condiciones de uso y la ley aplicable. Esto puede incluir el desarrollo de herramientas y algoritmos que ayudan a esta web a garantizar la confidencialidad de los datos personales que recoge.<br>Para apoyar y mejorar los servicios que ofrece esta web. Business Services Group Corp puede tener presencia en redes sociales. El tratamiento de los datos que se lleve a cabo de las personas que se hagan seguidoras en las redes sociales de las p\u00e1ginas oficiales de Business Services Group Corp, se regir\u00e1 por este apartado. As\u00ed como por aquellas condiciones de uso, pol\u00edticas de privacidad y normativas de acceso que pertenezcan a la red social que proceda en cada caso y aceptadas previamente por el usuario de a Business Services Group Corp<br>Legitimaci\u00f3n para el tratamiento de tus datos<br>La base legal para el tratamiento de sus datos es: el consentimiento.<br>Para contactar, suscribirse o realizar comentarios en esta web se requiere el consentimiento con esta pol\u00edtica de privacidad.<br>Business Services Group Corp se reserva el derecho a modificar la presente pol\u00edtica para adaptarla a novedades legislativas o jur\u00eddicas, as\u00ed como a pr\u00e1cticas de la industria. En dichos supuestos, Business Services Group Corp anunciar\u00e1 en esta p\u00e1gina los cambios introducidos con razonable antelaci\u00f3n a su puesta en pr\u00e1ctica.<\/p>\n<\/div>\n<\/div>","protected":false},"excerpt":{"rendered":"<p>Legal Notice and Privacy Policy This website respects and takes care of the personal data of its users. As a user you should know that your rights are guaranteed. I have strived to create a safe and reliable space.Your privacy is important to us.In this privacy statement I explain what personal data I collect from [&hellip;]<\/p>","protected":false},"author":1,"featured_media":0,"parent":0,"menu_order":0,"comment_status":"closed","ping_status":"closed","template":"","meta":{"footnotes":""},"class_list":["post-17","page","type-page","status-publish","hentry"],"_links":{"self":[{"href":"https:\/\/efrainmancilla.pantera-studio.com\/bscorp\/es\/wp-json\/wp\/v2\/pages\/17","targetHints":{"allow":["GET"]}}],"collection":[{"href":"https:\/\/efrainmancilla.pantera-studio.com\/bscorp\/es\/wp-json\/wp\/v2\/pages"}],"about":[{"href":"https:\/\/efrainmancilla.pantera-studio.com\/bscorp\/es\/wp-json\/wp\/v2\/types\/page"}],"author":[{"embeddable":true,"href":"https:\/\/efrainmancilla.pantera-studio.com\/bscorp\/es\/wp-json\/wp\/v2\/users\/1"}],"replies":[{"embeddable":true,"href":"https:\/\/efrainmancilla.pantera-studio.com\/bscorp\/es\/wp-json\/wp\/v2\/comments?post=17"}],"version-history":[{"count":21,"href":"https:\/\/efrainmancilla.pantera-studio.com\/bscorp\/es\/wp-json\/wp\/v2\/pages\/17\/revisions"}],"predecessor-version":[{"id":172,"href":"https:\/\/efrainmancilla.pantera-studio.com\/bscorp\/es\/wp-json\/wp\/v2\/pages\/17\/revisions\/172"}],"wp:attachment":[{"href":"https:\/\/efrainmancilla.pantera-studio.com\/bscorp\/es\/wp-json\/wp\/v2\/media?parent=17"}],"curies":[{"name":"wp","href":"https:\/\/api.w.org\/{rel}","templated":true}]}}