{"id":46,"date":"2023-04-26T17:21:59","date_gmt":"2023-04-26T17:21:59","guid":{"rendered":"https:\/\/efrainmancilla.pantera-studio.com\/bscorp\/?page_id=46"},"modified":"2023-05-20T14:59:42","modified_gmt":"2023-05-20T14:59:42","slug":"contact-us","status":"publish","type":"page","link":"https:\/\/efrainmancilla.pantera-studio.com\/bscorp\/es\/contact-us\/","title":{"rendered":"Cont\u00e1ctanos"},"content":{"rendered":"<div class=\"wp-block-cover is-light wp-duotone-238fcd-44bae5-1\" style=\"padding-top:0;padding-right:0;padding-bottom:0;padding-left:0\"><span aria-hidden=\"true\" class=\"wp-block-cover__background has-background-dim-0 has-background-dim\"><\/span><img decoding=\"async\" class=\"wp-block-cover__image-background\" alt=\"\" src=\"https:\/\/efrainmancilla.pantera-studio.com\/bscorp\/wp-content\/themes\/bshopy\/assets\/images\/background-01.jpg\" style=\"object-position:50% 50%\" data-object-fit=\"cover\" data-object-position=\"50% 50%\"\/><div class=\"wp-block-cover__inner-container is-layout-flow wp-block-cover-is-layout-flow\">\n<div class=\"wp-block-group is-layout-constrained wp-block-group-is-layout-constrained\">\n<div class=\"wp-block-group alignwide is-nowrap is-layout-flex wp-container-core-group-is-layout-abd7feab wp-block-group-is-layout-flex\" style=\"padding-top:var(--wp--preset--spacing--30);padding-bottom:var(--wp--preset--spacing--30)\">\n<div class=\"wp-block-columns has-white-color has-text-color is-layout-flex wp-container-core-columns-is-layout-9d6595d7 wp-block-columns-is-layout-flex\">\n<div class=\"wp-block-column is-layout-flow wp-block-column-is-layout-flow\">\n<h1 class=\"wp-block-heading has-xx-large-font-size\" style=\"text-transform:uppercase\">\u00bfqu\u00e9 hacemos?<\/h1>\n<\/div>\n\n\n\n<div class=\"wp-block-column is-vertically-aligned-top is-layout-flow wp-block-column-is-layout-flow\">\n<p style=\"font-size:clamp(14px, 0.875rem + ((1vw - 3.2px) * 0.227), 16px);\">En esencia somos una empresa que ofrece servicios diversos en la rama de la construcci\u00f3n, formamos equipos de trabajos para diferentes empresas con los mejores est\u00e1ndares de calidad, para el trabajo indoor y outdoor, construimos networking y promovemos las mejores practicas profesionales y empresariales en el mercado de la construcci\u00f3n, avanzamos y contribuimos al desarrollo econ\u00f3mico y social de canada.<\/p>\n\n\n\n<p style=\"font-size:clamp(14px, 0.875rem + ((1vw - 3.2px) * 0.227), 16px);\">Desde la fundaci\u00f3n de la compa\u00f1\u00eda establecimos valores como la honestidad, responsabilidad, compromiso, respeto y lealtad tanto para nuestros clientes como para nuestro equipo profesional, trabajamos de la mano con las tecnolog\u00edas que nos permiten ofrecer mejores procesos en la cadena de valor que permite que gracias a esto nuestro compromiso con las obras y proyectos sean siempre los de cumplir a cabalidad con las expectativas de nuestros clientes.<\/p>\n\n\n\n<p style=\"font-size:clamp(14px, 0.875rem + ((1vw - 3.2px) * 0.227), 16px);\">Contamos con una excelente planta de profesionales que gracias a ellos podemos llevar adelante todos los requerimientos de nuestros clientes, para de esta manera siempre ofrecer la mejor experiencia en todos los procesos productivos de nuestros negocio.<\/p>\n\n\n\n<p style=\"font-size:clamp(14px, 0.875rem + ((1vw - 3.2px) * 0.227), 16px);\">En Business Service Group Corporation estamos comprometidos con el medio ambiente y por esta raz\u00f3n promovemos las mejores practicas para la contribuci\u00f3n al desarrollo econ\u00f3mico de canada de una manera sostenible.<\/p>\n<\/div>\n<\/div>\n<\/div>\n<\/div>\n<\/div><\/div>\n\n\n\n<div style=\"height:80px\" aria-hidden=\"true\" class=\"wp-block-spacer\"><\/div>\n\n\n\n<div class=\"wp-block-group is-layout-constrained wp-block-group-is-layout-constrained\">\n<div class=\"wp-block-group alignwide is-nowrap is-layout-flex wp-container-core-group-is-layout-ad2f72ca wp-block-group-is-layout-flex\">\n<div class=\"wp-block-columns is-layout-flex wp-container-core-columns-is-layout-9d6595d7 wp-block-columns-is-layout-flex\">\n<div class=\"wp-block-column is-layout-flow wp-block-column-is-layout-flow\" style=\"padding-right:var(--wp--preset--spacing--30)\">\n<div class=\"wp-block-cover is-light has-custom-content-position is-position-top-left bscorp-form-button wp-duotone-021468-003a8b-3\" style=\"padding-top:var(--wp--preset--spacing--40);padding-right:var(--wp--preset--spacing--30);padding-bottom:var(--wp--preset--spacing--40);padding-left:var(--wp--preset--spacing--30);min-height:100px;aspect-ratio:unset;\"><span aria-hidden=\"true\" class=\"wp-block-cover__background has-background-dim-0 has-background-dim\"><\/span><img decoding=\"async\" class=\"wp-block-cover__image-background\" alt=\"\" src=\"https:\/\/efrainmancilla.pantera-studio.com\/bscorp\/wp-content\/themes\/bshopy\/assets\/images\/demo-01.jpg\" data-object-fit=\"cover\"\/><div class=\"wp-block-cover__inner-container is-layout-flow wp-block-cover-is-layout-flow\">\n<p class=\"has-text-align-left has-white-color has-text-color has-x-large-font-size\" style=\"margin-top:0;margin-right:0;margin-bottom:var(--wp--preset--spacing--30);margin-left:0;font-weight:700\">Trabaja con nosotros<\/p>\n\n\n\n<div class=\"wp-block-buttons is-layout-flex wp-block-buttons-is-layout-flex\">\n<div class=\"wp-block-button has-custom-font-size is-style-outline has-large-font-size is-style-outline--2\" style=\"font-weight:400;letter-spacing:1px\"><a class=\"wp-block-button__link has-white-color has-text-color wp-element-button\" href=\"https:\/\/efrainmancilla.pantera-studio.com\/bscorp\/es\/work-with-us\/\" style=\"border-radius:20px;padding-top:8px;padding-right:var(--wp--preset--spacing--40);padding-bottom:8px;padding-left:var(--wp--preset--spacing--40)\">Formulario<\/a><\/div>\n<\/div>\n<\/div><\/div>\n\n\n\n<div class=\"wp-block-cover is-light has-custom-content-position is-position-top-left bscorp-form-button wp-duotone-238fcd-44bae5-5\" style=\"margin-top:var(--wp--preset--spacing--40);margin-bottom:var(--wp--preset--spacing--40);padding-top:var(--wp--preset--spacing--40);padding-right:var(--wp--preset--spacing--30);padding-bottom:var(--wp--preset--spacing--40);padding-left:var(--wp--preset--spacing--30);min-height:100px;aspect-ratio:unset;\"><span aria-hidden=\"true\" class=\"wp-block-cover__background has-background-dim-0 has-background-dim\"><\/span><img decoding=\"async\" class=\"wp-block-cover__image-background\" alt=\"\" src=\"https:\/\/efrainmancilla.pantera-studio.com\/bscorp\/wp-content\/themes\/bshopy\/assets\/images\/demo-01.jpg\" data-object-fit=\"cover\"\/><div class=\"wp-block-cover__inner-container is-layout-flow wp-block-cover-is-layout-flow\">\n<p class=\"has-text-align-left has-white-color has-text-color has-x-large-font-size\" style=\"margin-top:0;margin-right:0;margin-bottom:var(--wp--preset--spacing--30);margin-left:0;font-weight:700\">Escr\u00edbenos<\/p>\n\n\n\n<div class=\"wp-block-buttons is-layout-flex wp-block-buttons-is-layout-flex\">\n<div class=\"wp-block-button has-custom-font-size is-style-outline has-large-font-size is-style-outline--4\" style=\"font-weight:400;letter-spacing:1px\"><a class=\"wp-block-button__link has-white-color has-text-color wp-element-button\" href=\"https:\/\/efrainmancilla.pantera-studio.com\/bscorp\/es\/contact-us-form\/\" style=\"border-radius:20px;padding-top:8px;padding-right:var(--wp--preset--spacing--40);padding-bottom:8px;padding-left:var(--wp--preset--spacing--40)\">Formulario<\/a><\/div>\n<\/div>\n<\/div><\/div>\n\n\n\n<div class=\"wp-block-buttons is-layout-flex wp-block-buttons-is-layout-flex\">\n<div class=\"wp-block-button bscorp-contact-button-blue\"><a class=\"wp-block-button__link has-text-align-left wp-element-button\" href=\"https:\/\/api.whatsapp.com\/send?phone=15873294404\" target=\"_blank\" rel=\"noreferrer noopener\">Escr\u00edbenos por WhatsApp<br>+1 587 329 4404<\/a><\/div>\n\n\n\n<div class=\"wp-block-button bscorp-contact-button-blue bscorp-email-button-blue\"><a class=\"wp-block-button__link has-text-align-left wp-element-button\" href=\"mailto:gerencia@bscorp.com.co\" target=\"_blank\" rel=\"noreferrer noopener\">Escr\u00edbenos por Email<br>gerencia@bscorp.com.co<\/a><\/div>\n<\/div>\n<\/div>\n\n\n\n<div class=\"wp-block-column is-layout-flow wp-block-column-is-layout-flow\">\n<figure class=\"wp-block-image size-large is-style-default\"><img loading=\"lazy\" decoding=\"async\" width=\"1080\" height=\"1080\" src=\"https:\/\/efrainmancilla.pantera-studio.com\/bscorp\/wp-content\/uploads\/2023\/04\/2_1920x1080-edited.jpg\" alt=\"\" class=\"wp-image-47\" srcset=\"https:\/\/efrainmancilla.pantera-studio.com\/bscorp\/wp-content\/uploads\/2023\/04\/2_1920x1080-edited.jpg 1080w, https:\/\/efrainmancilla.pantera-studio.com\/bscorp\/wp-content\/uploads\/2023\/04\/2_1920x1080-edited-300x300.jpg 300w, https:\/\/efrainmancilla.pantera-studio.com\/bscorp\/wp-content\/uploads\/2023\/04\/2_1920x1080-edited-1024x1024.jpg 1024w, https:\/\/efrainmancilla.pantera-studio.com\/bscorp\/wp-content\/uploads\/2023\/04\/2_1920x1080-edited-150x150.jpg 150w, https:\/\/efrainmancilla.pantera-studio.com\/bscorp\/wp-content\/uploads\/2023\/04\/2_1920x1080-edited-768x768.jpg 768w\" sizes=\"auto, (max-width: 1080px) 100vw, 1080px\" \/><\/figure>\n<\/div>\n<\/div>\n<\/div>\n<\/div>","protected":false},"excerpt":{"rendered":"","protected":false},"author":1,"featured_media":0,"parent":0,"menu_order":0,"comment_status":"closed","ping_status":"closed","template":"","meta":{"footnotes":""},"class_list":["post-46","page","type-page","status-publish","hentry"],"_links":{"self":[{"href":"https:\/\/efrainmancilla.pantera-studio.com\/bscorp\/es\/wp-json\/wp\/v2\/pages\/46","targetHints":{"allow":["GET"]}}],"collection":[{"href":"https:\/\/efrainmancilla.pantera-studio.com\/bscorp\/es\/wp-json\/wp\/v2\/pages"}],"about":[{"href":"https:\/\/efrainmancilla.pantera-studio.com\/bscorp\/es\/wp-json\/wp\/v2\/types\/page"}],"author":[{"embeddable":true,"href":"https:\/\/efrainmancilla.pantera-studio.com\/bscorp\/es\/wp-json\/wp\/v2\/users\/1"}],"replies":[{"embeddable":true,"href":"https:\/\/efrainmancilla.pantera-studio.com\/bscorp\/es\/wp-json\/wp\/v2\/comments?post=46"}],"version-history":[{"count":15,"href":"https:\/\/efrainmancilla.pantera-studio.com\/bscorp\/es\/wp-json\/wp\/v2\/pages\/46\/revisions"}],"predecessor-version":[{"id":179,"href":"https:\/\/efrainmancilla.pantera-studio.com\/bscorp\/es\/wp-json\/wp\/v2\/pages\/46\/revisions\/179"}],"wp:attachment":[{"href":"https:\/\/efrainmancilla.pantera-studio.com\/bscorp\/es\/wp-json\/wp\/v2\/media?parent=46"}],"curies":[{"name":"wp","href":"https:\/\/api.w.org\/{rel}","templated":true}]}}